{"id":54,"date":"2017-07-14T21:30:38","date_gmt":"2017-07-14T21:30:38","guid":{"rendered":"http:\/\/katharsys.org\/?page_id=54"},"modified":"2019-10-01T23:56:25","modified_gmt":"2019-10-01T23:56:25","slug":"presentation-de-lassociation","status":"publish","type":"page","link":"https:\/\/curtaincall.ch\/","title":{"rendered":"Pr\u00e9sentation de l&rsquo;association"},"content":{"rendered":"<p>Curtain Call est une association valaisanne \u00e0 but non lucratif dont la vocation est de promouvoir la culture et la musique dans la r\u00e9gion du chablais, en permettant la rencontre entre des artistes de renomm\u00e9es internationales et ceux de la sc\u00e8ne locale.<\/p>\n<p>L&rsquo;association a d\u00e9j\u00e0 fait ses marques dans plusieurs \u00e9v\u00e9nements, notamment des :<\/p>\n<ul>\n<li style=\"list-style-type: none;\">\n<ul>\n<li>Concerts et soir\u00e9es culturelles au Manoir Pub de St-Maurice (avec des groupes tels Turisas, Napalm Death, Marduk, Vader, Entombed AD, Finntroll, Celkilt, etc).<\/li>\n<li>Concerts au Pont Rouge de Monthey (avec des groupes tels Anorexia Nervosa, Shakra, Korpiklanni, Trollfest, Alestorm, etc).<\/li>\n<li>Festival 70 Grams of Metal mettant en sc\u00e8ne une panoplie de groupes locaux.<\/li>\n<li>Conventions retrogaming et jeux vid\u00e9os<\/li>\n<li>Invitation de stars, notamment un concert avec Chris Slade (AC\/DC), plusieurs concerts avec Blaze Bayley (Ex-Iron Maiden), plusieurs concerts avec Chuck Garric &amp; Calico Cooper (Alice Cooper), guitar clinic donn\u00e9e par Amen (Lordi), Bernard Minet (Club Doroth\u00e9e) etc&#8230;<\/li>\n<\/ul>\n<\/li>\n<\/ul>\n<p>Curtain Call a d\u00e9j\u00e0 plusieurs nouveaux projets en route, alors restez \u00e0 l&rsquo;\u00e9coute \ud83d\ude09<\/p>\n","protected":false},"excerpt":{"rendered":"<p>Curtain Call est une association valaisanne \u00e0 but non lucratif dont la vocation est de promouvoir la culture et la musique dans la r\u00e9gion du chablais, en permettant la rencontre entre des artistes de renomm\u00e9es internationales et ceux de la sc\u00e8ne locale. L&rsquo;association a d\u00e9j\u00e0 fait ses marques dans plusieurs \u00e9v\u00e9nements, notamment des : Concerts &hellip; <\/p>\n<p class=\"link-more\"><a href=\"https:\/\/curtaincall.ch\/\" class=\"more-link\">Continuer la lecture<span class=\"screen-reader-text\"> de &laquo;&nbsp;Pr\u00e9sentation de l&rsquo;association&nbsp;&raquo;<\/span><\/a><\/p>\n","protected":false},"author":1,"featured_media":0,"parent":0,"menu_order":0,"comment_status":"closed","ping_status":"closed","template":"","meta":{"footnotes":""},"class_list":["post-54","page","type-page","status-publish","hentry"],"_links":{"self":[{"href":"https:\/\/curtaincall.ch\/index.php?rest_route=\/wp\/v2\/pages\/54","targetHints":{"allow":["GET"]}}],"collection":[{"href":"https:\/\/curtaincall.ch\/index.php?rest_route=\/wp\/v2\/pages"}],"about":[{"href":"https:\/\/curtaincall.ch\/index.php?rest_route=\/wp\/v2\/types\/page"}],"author":[{"embeddable":true,"href":"https:\/\/curtaincall.ch\/index.php?rest_route=\/wp\/v2\/users\/1"}],"replies":[{"embeddable":true,"href":"https:\/\/curtaincall.ch\/index.php?rest_route=%2Fwp%2Fv2%2Fcomments&post=54"}],"version-history":[{"count":8,"href":"https:\/\/curtaincall.ch\/index.php?rest_route=\/wp\/v2\/pages\/54\/revisions"}],"predecessor-version":[{"id":132,"href":"https:\/\/curtaincall.ch\/index.php?rest_route=\/wp\/v2\/pages\/54\/revisions\/132"}],"wp:attachment":[{"href":"https:\/\/curtaincall.ch\/index.php?rest_route=%2Fwp%2Fv2%2Fmedia&parent=54"}],"curies":[{"name":"wp","href":"https:\/\/api.w.org\/{rel}","templated":true}]}}